{"id":36521,"date":"2023-10-11T01:28:33","date_gmt":"2023-10-10T17:28:33","guid":{"rendered":"https:\/\/18.159.169.97\/?page_id=36521"},"modified":"2023-10-11T01:35:13","modified_gmt":"2023-10-10T17:35:13","slug":"terms","status":"publish","type":"page","link":"https:\/\/allutr.com\/en\/terms\/","title":{"rendered":"Terms and Conditions"},"content":{"rendered":"<div data-elementor-type=\"wp-page\" data-elementor-id=\"36521\" class=\"elementor elementor-36521\" data-elementor-post-type=\"page\">\n\t\t\t\t\t\t<section class=\"has_eae_slider elementor-section elementor-top-section elementor-element elementor-element-5ffeca1 elementor-section-boxed elementor-section-height-default elementor-section-height-default\" data-id=\"5ffeca1\" data-element_type=\"section\">\n\t\t\t\t\t\t<div class=\"elementor-container elementor-column-gap-default\">\n\t\t\t\t\t<div class=\"has_eae_slider elementor-column elementor-col-100 elementor-top-column elementor-element elementor-element-7793a3e\" data-id=\"7793a3e\" data-element_type=\"column\">\n\t\t\t<div class=\"elementor-widget-wrap elementor-element-populated\">\n\t\t\t\t\t\t<div class=\"elementor-element elementor-element-f2cb860 elementor-widget elementor-widget-spacer\" data-id=\"f2cb860\" data-element_type=\"widget\" data-widget_type=\"spacer.default\">\n\t\t\t\t<div class=\"elementor-widget-container\">\n\t\t\t\t\t<div class=\"elementor-spacer\">\n\t\t\t<div class=\"elementor-spacer-inner\"><\/div>\n\t\t<\/div>\n\t\t\t\t<\/div>\n\t\t\t\t<\/div>\n\t\t\t\t<div class=\"elementor-element elementor-element-81996f2 elementor-widget elementor-widget-heading\" data-id=\"81996f2\" data-element_type=\"widget\" data-widget_type=\"heading.default\">\n\t\t\t\t<div class=\"elementor-widget-container\">\n\t\t\t<h2 class=\"elementor-heading-title elementor-size-default\">TERMS AND CONDITIONS<\/h2>\t\t<\/div>\n\t\t\t\t<\/div>\n\t\t\t\t<div class=\"elementor-element elementor-element-5033ccc elementor-widget-divider--view-line elementor-widget elementor-widget-divider\" data-id=\"5033ccc\" data-element_type=\"widget\" data-widget_type=\"divider.default\">\n\t\t\t\t<div class=\"elementor-widget-container\">\n\t\t\t\t\t<div class=\"elementor-divider\">\n\t\t\t<span class=\"elementor-divider-separator\">\n\t\t\t\t\t\t<\/span>\n\t\t<\/div>\n\t\t\t\t<\/div>\n\t\t\t\t<\/div>\n\t\t\t\t<div class=\"elementor-element elementor-element-1e1f182 elementor-widget elementor-widget-spacer\" data-id=\"1e1f182\" data-element_type=\"widget\" data-widget_type=\"spacer.default\">\n\t\t\t\t<div class=\"elementor-widget-container\">\n\t\t\t\t\t<div class=\"elementor-spacer\">\n\t\t\t<div class=\"elementor-spacer-inner\"><\/div>\n\t\t<\/div>\n\t\t\t\t<\/div>\n\t\t\t\t<\/div>\n\t\t\t\t<div class=\"elementor-element elementor-element-6b73595 elementor-widget elementor-widget-text-editor\" data-id=\"6b73595\" data-element_type=\"widget\" data-widget_type=\"text-editor.default\">\n\t\t\t\t<div class=\"elementor-widget-container\">\n\t\t\t\t\t\t\t<p class=\"text-align-left\">1) The Seller agrees that upon conclusion of this Agreement, title to the goods shall be transferred to the Buyer.<\/p><p class=\"text-align-left\"><br \/>2) After conclusion of this Agreement, the Seller shall not be entitled for any reason whatsoever to demand a refund or an increase in the payment of the Purchase Amount.<\/p><p class=\"text-align-left\"><br \/>3) If, after the conclusion of this Agreement, the Seller breaches any of the warranties set out in clause 5, with or without the Seller's knowledge, without limiting any of its other rights and remedies and regardless of whether it has accepted or not, the BUYER may apply any one or more of the following remedies for the Goods:<\/p><p class=\"text-align-left\"><span class=\"\"><br \/>3.1. terminate this Contract (in whole or in part) and require the Seller to immediately refund the Purchase Amount of the relevant Goods;\u00a0 \u00a0 \u00a0<\/span><\/p><p>\u00a0<\/p><p class=\"text-align-left\">3.2. reject the Goods (in whole or in part) and return them to the Seller at the Seller's risk and expense;<\/p><p class=\"text-align-left\"><br \/>3.3. To compensate the Seller for the loss and damage incurred by the Buyer in obtaining substitute goods from a third party.<\/p><p class=\"text-align-left\"><br \/>3.4. to claim compensation for any costs, losses or expenses incurred by the Buyer in the Seller's failure to fulfil its obligations or warranties under this Contract.<\/p><p><br \/>4)   The Seller represents and warrants that the following matters are provided and true when trading with the Buyer:<\/p><p><br \/>a.    The Seller is legally authorised to sell the Goods.<\/p><p><br \/>b. The seller is at least 18 years old.<\/p><p><span class=\"\"><br \/>c. The Seller is the sole legal and beneficial owner of the Goods;<\/span><\/p><p><br \/>d. No one has any claim or right over the Goods<\/p><p><span class=\"\"><br \/>e.    The Seller has disclosed to the Buyer all matters which a prudent buyer would wish to know about the Goods.<\/span><\/p><p><br \/>f. The goods subject to purchase are original branded products.<\/p><p><br \/>g.    The goods subject to purchase do not include counterfeit goods, stolen goods, lost goods or any criminal offence.<\/p><p><br \/>h.    The Seller has provided the Buyer with an original valid identity document.<\/p><p><br \/>i.     The Seller does not enter into this Agreement for any fraudulent purposes (illegal purposes or anything that the Buyer decides is fraudulent according to the norms, such as fraudulent monetisation of goods, withdrawals from credit cards and money laundering).<\/p><p><br \/>j.     All information and documents declared by the seller are correct.<\/p><p><br \/>5) All disputes relating to the Agreement shall be governed by Turkish law and shall be settled by arbitration. The place of arbitration is Istanbul\/Turkey<\/p><p><br \/>6)Negotiations or bargains made prior to the conclusion of the Contract shall not be binding on the Purchaser or the Sale.<br \/><br \/><br \/><\/p>\t\t\t\t\t\t<\/div>\n\t\t\t\t<\/div>\n\t\t\t\t<div class=\"elementor-element elementor-element-1a5740c elementor-widget elementor-widget-spacer\" data-id=\"1a5740c\" data-element_type=\"widget\" data-widget_type=\"spacer.default\">\n\t\t\t\t<div class=\"elementor-widget-container\">\n\t\t\t\t\t<div class=\"elementor-spacer\">\n\t\t\t<div class=\"elementor-spacer-inner\"><\/div>\n\t\t<\/div>\n\t\t\t\t<\/div>\n\t\t\t\t<\/div>\n\t\t\t\t\t<\/div>\n\t\t<\/div>\n\t\t\t\t\t<\/div>\n\t\t<\/section>\n\t\t\t\t<\/div>","protected":false},"excerpt":{"rendered":"<p>\u015eARTLAR VE KO\u015eULLAR 1)\u00a0 \u00a0Sat\u0131c\u0131, i\u015fbu S\u00f6zle\u015fmenin akdedilmesi \u00fczerine mallar\u0131n m\u00fclkiyetinin al\u0131c\u0131ya devredilece\u011fini kabul eder. 2)\u00a0 \u00a0\u0130\u015fbu S\u00f6zle\u015fme&#8217;nin akdedilmesinden sonra Sat\u0131c\u0131, herhangi bir nedenle \u0130ade veya Sat\u0131n Alma Tutar\u2019\u0131n\u0131n \u00f6denmesinde art\u0131\u015f talep etme hakk\u0131na sahip olmayacakt\u0131r. 3)\u00a0 \u00a0\u0130\u015fbu S\u00f6zle\u015fmenin akdedilmesinden sonra, Sat\u0131c\u0131n\u0131n bilgisi olsun veya olmas\u0131n, di\u011fer hak ve \u00e7\u00f6z\u00fcm yollar\u0131ndan herhangi birini s\u0131n\u0131rland\u0131rmaks\u0131z\u0131n ve&#8230;<\/p>","protected":false},"author":33,"featured_media":0,"parent":0,"menu_order":0,"comment_status":"closed","ping_status":"closed","template":"","meta":{"_acf_changed":false,"inline_featured_image":false,"footnotes":""},"class_list":["post-36521","page","type-page","status-publish","hentry"],"acf":[],"_links":{"self":[{"href":"https:\/\/allutr.com\/en\/wp-json\/wp\/v2\/pages\/36521","targetHints":{"allow":["GET"]}}],"collection":[{"href":"https:\/\/allutr.com\/en\/wp-json\/wp\/v2\/pages"}],"about":[{"href":"https:\/\/allutr.com\/en\/wp-json\/wp\/v2\/types\/page"}],"author":[{"embeddable":true,"href":"https:\/\/allutr.com\/en\/wp-json\/wp\/v2\/users\/33"}],"replies":[{"embeddable":true,"href":"https:\/\/allutr.com\/en\/wp-json\/wp\/v2\/comments?post=36521"}],"version-history":[{"count":0,"href":"https:\/\/allutr.com\/en\/wp-json\/wp\/v2\/pages\/36521\/revisions"}],"wp:attachment":[{"href":"https:\/\/allutr.com\/en\/wp-json\/wp\/v2\/media?parent=36521"}],"curies":[{"name":"wp","href":"https:\/\/api.w.org\/{rel}","templated":true}]}}